{"id":260,"date":"2024-06-05T21:00:39","date_gmt":"2024-06-05T21:00:39","guid":{"rendered":"https:\/\/autismusinitiative-steinburg.de\/wp\/?page_id=260"},"modified":"2026-02-04T21:01:42","modified_gmt":"2026-02-04T21:01:42","slug":"autistisch-und-queer","status":"publish","type":"page","link":"https:\/\/autismusinitiative-steinburg.de\/wp\/autistisch-und-queer\/","title":{"rendered":"Autistisch und queer"},"content":{"rendered":"\n<p>Wusstest du, dass relativ viele Menschen sowohl autistisch als auch queer sind?<\/p>\n\n\n\n<h2 class=\"wp-block-heading\">Was bedeutet queer?<\/h2>\n\n\n\n<p>Queer sein wird h\u00e4ufig als Oberbegriff f\u00fcr die LGBTQIA+ Community verwendet. Das ist die Abk\u00fcrzung f\u00fcr<\/p>\n\n\n\n<ul class=\"wp-block-list\">\n<li><strong>L<\/strong> &#8211; Lesbisch<\/li>\n\n\n\n<li><strong>G<\/strong> &#8211; Gay (schwul)<\/li>\n\n\n\n<li><strong>B<\/strong> &#8211; Bisexuell<\/li>\n\n\n\n<li><strong>T<\/strong> &#8211; Trans<\/li>\n\n\n\n<li><strong>Q<\/strong> &#8211; Queer \/ Questioning (&#8222;hinterfragend&#8220;)<\/li>\n\n\n\n<li><strong>I<\/strong> &#8211; Intersexuell<\/li>\n\n\n\n<li><strong>A<\/strong> &#8211; Asexuell oder Aromantisch<\/li>\n\n\n\n<li>+ f\u00fcr alle weiteren (zum Beispiel Pansexuell, 2-Spirited und viele mehr)<\/li>\n<\/ul>\n\n\n\n<p>Queer bedeutet also, dass man entweder nicht heterosexuell ist und\/oder sich nicht (ausschlie\u00dflich) mit dem Geschlecht identifiziert, dass in der Geburtsurkunde steht.<\/p>\n\n\n\n<figure class=\"wp-block-image size-full is-resized\"><img loading=\"lazy\" decoding=\"async\" width=\"1024\" height=\"1024\" src=\"https:\/\/autismusinitiative-steinburg.de\/wp\/wp-content\/uploads\/2024\/06\/QueeresPaar.webp\" alt=\"Zwei queere Autistinnen halten sich an den H\u00e4nden\" class=\"wp-image-397\" style=\"width:539px;height:auto\" srcset=\"https:\/\/autismusinitiative-steinburg.de\/wp\/wp-content\/uploads\/2024\/06\/QueeresPaar.webp 1024w, https:\/\/autismusinitiative-steinburg.de\/wp\/wp-content\/uploads\/2024\/06\/QueeresPaar-300x300.webp 300w, https:\/\/autismusinitiative-steinburg.de\/wp\/wp-content\/uploads\/2024\/06\/QueeresPaar-150x150.webp 150w, https:\/\/autismusinitiative-steinburg.de\/wp\/wp-content\/uploads\/2024\/06\/QueeresPaar-768x768.webp 768w\" sizes=\"auto, (max-width: 1024px) 100vw, 1024px\" \/><figcaption class=\"wp-element-caption\"><em><sub><sup>Bild erstellt mit KI<\/sup><\/sub><\/em><\/figcaption><\/figure>\n\n\n\n<h2 class=\"wp-block-heading\">Was hat queer sein mit Autismus zu tun?<\/h2>\n\n\n\n<p>Auf den ersten Blick gar nichts &#8211; auf den zweiten aber sehr viel:<\/p>\n\n\n\n<p>Autistische Menschen sind h\u00e4ufiger <strong>nicht heterosexuell<\/strong><sup>1<\/sup>. Sie identifizieren sich vielleicht als schwul, lesbisch, bisexuell, pansexuell oder asexuell.<\/p>\n\n\n\n<p>Zus\u00e4tzlich sind autistische Menschen h\u00e4ufiger nicht cis-gender (= das Geschlecht, dass dir bei deiner Geburt zugeschrieben wurde), sondern <strong>gender-queer<\/strong>. Sie identifizieren sich also nicht mit dem Geschlecht, das in ihrer Geburtsurkunde steht. Sie sind vielleicht trans, nicht bin\u00e4r, gender fluid oder gender non-conforming. Nach einer Studie von 2020 waren <strong>24 % der Personen in der gender-queeren Gruppen<\/strong> autistisch. In der Gruppe der cis-Gender waren es nur 5 % Autist*innen.<\/p>\n\n\n\n<p>Es gibt also viele Menschen, auf die beide Merkmale zutreffen: <strong>autistisch und queer.<\/strong><\/p>\n\n\n\n<h2 class=\"wp-block-heading\">Warum sind autistische Menschen h\u00e4ufiger queer?<\/h2>\n\n\n\n<p>Eine ganz einfache Antwort darauf gibt es nicht. Ein Grund k\u00f6nnte sein, dass sich Autist*innen weniger an die Regeln der Gesellschaft halten, wenn diese f\u00fcr sie unsinnig erscheinen. Sie hinterfragen Dinge und lehnen diese eher ab und sind einfach &#8222;sie selbst&#8220;. Viele Autist*innen sind au\u00dferdem sehr ehrlich und w\u00fcrden weniger l\u00fcgen &#8211; sowohl in einer Umfrage als auch sich selbst gegen\u00fcber. Das kann eine gro\u00dfe St\u00e4rke und ein echter Schatz sein, von dem sich viele Nicht-Autist*innen etwas abgucken k\u00f6nnen.<\/p>\n\n\n\n<h2 class=\"wp-block-heading\">Was ist Neuro-Gender und Auti-Gender?<\/h2>\n\n\n\n<p>Es gibt sogar den Begriff Neuro-Gender und Auti-Gender f\u00fcr neurodivergente und autistische Personen, die sich nicht als cis-Gender identifizieren. Dabei ist der Blick auf Geschlechterrollen so stark mit dem &#8222;Autistisch-sein&#8220; verbunden, dass es nicht voneinander trennbar ist. <\/p>\n\n\n\n<h2 class=\"wp-block-heading\">Warum wir mit Kindern und Jugendlichen \u00fcber Queer-sein sprechen sollten.<\/h2>\n\n\n\n<p>Alle Kinder, alle Jugendlichen &#8211; und nat\u00fcrlich auch alle Erwachsenen &#8211; sollten das Gef\u00fchl haben d\u00fcrfen, genau richtig zu sein, so wie sie sind. Das ist vor allem in der Pubert\u00e4t f\u00fcr alle eine Herausforderung. F\u00fcr autistische Kinder und Jugendliche aber noch viel mehr. Das gleiche gilt f\u00fcr queere Jugendliche, die schnell das Gef\u00fchl von au\u00dfen bekommen, nicht so zu sein, wie es von der Familie, von Freunden, von Lehrkr\u00e4ften und auch von Medien gezeigt und erwartet wird. F\u00fcr queere, autistische Menschen kann das eine doppelte Belastung sein, sie k\u00f6nnen sich schnell in mehrfacher Hinsicht &#8222;falsch&#8220; f\u00fchlen. Umso wichtiger also, dass wir alle (als Eltern, Freundeskreis und Gesellschaft) von Anfang an zeigen: Liebe ist Liebe &#8211; Liebe gibt es in allen Konstellationen und es ist ganz egal, ob du einen Freund oder eine Freundin oder eine Freund*in mit nach Hause bringst. Au\u00dferdem darfst du selbst entscheiden, ob du deine Haare, lang oder kurz tr\u00e4gst, einen Rock, einen Bart, Nagellack oder Pumps. Du entscheidest, welche Pronomen sich f\u00fcr dich richtig anf\u00fchlen. Es sind die, die du schon immer verwendest? Super! Du f\u00fchlst dich mit etwas anderem wohler? Genauso super! <\/p>\n\n\n\n<p>Und ganz wichtig: Du musst nicht sofort f\u00fcr alles einen Namen haben. Du musst nicht gleich auf alles eine Antwort haben. Das ist ok. Daf\u00fcr gibt es in der Abk\u00fcrzung LGBT<strong>Q<\/strong>IA+ das Q, das auch f\u00fcr &#8222;questioning&#8220; steht &#8211; also &#8222;hinterfragend&#8220;. <\/p>\n\n\n\n<h2 class=\"wp-block-heading\">Trans Personen begleiten<\/h2>\n\n\n\n<p>Eine Hilfe f\u00fcr Angeh\u00f6rige autistischer trans Personen bietet das Buch &#8222;Autismus und Transidentit\u00e4t&#8220; von Gabi Rimmele. Das Buch richtet sich nicht an die Betroffenen selbst, sondern soll beispielsweise Angeh\u00f6rigen dabei helfen, die betroffene Person besser zu verstehen und informierter begleiten zu k\u00f6nnen.<\/p>\n\n\n\n<figure class=\"wp-block-image size-full is-resized\"><img loading=\"lazy\" decoding=\"async\" width=\"508\" height=\"675\" src=\"https:\/\/autismusinitiative-steinburg.de\/wp\/wp-content\/uploads\/2026\/02\/Autismus-und-transidentitaet.png\" alt=\"\" class=\"wp-image-647\" style=\"width:312px;height:auto\" srcset=\"https:\/\/autismusinitiative-steinburg.de\/wp\/wp-content\/uploads\/2026\/02\/Autismus-und-transidentitaet.png 508w, https:\/\/autismusinitiative-steinburg.de\/wp\/wp-content\/uploads\/2026\/02\/Autismus-und-transidentitaet-226x300.png 226w\" sizes=\"auto, (max-width: 508px) 100vw, 508px\" \/><\/figure>\n\n\n\n<h2 class=\"wp-block-heading\">Autistisch und queer? Dann findest du hier gleichgesinnte:<\/h2>\n\n\n\n<p>Hier findest du Veranstaltungen und regelm\u00e4\u00dfige Treffs in Kreis Steinburg, Schleswig-Holstein und Hamburg &#8211; die meisten sind sowohl f\u00fcr queere als auch interessierte Personen und in der Regel wird betont, dass sich niemand outen muss.<\/p>\n\n\n\n<p>Von Juni bis August finden auch wieder in vielen gro\u00dfen und kleinen Orten CSDs\/Pride-Veranstaltungen statt &#8211; eine gro\u00dfe, aber trotzdem nicht vollst\u00e4ndige, Liste findest du hier <a href=\"https:\/\/www.csd-termine.de\/2025\">CSD-Termine 2025<\/a><\/p>\n\n\n\n<p>Regelm\u00e4\u00dfige Termine in der Umgebung:<\/p>\n\n\n\n<p><strong>Queerer Brunch Kellinghusen<\/strong><br><a href=\"https:\/\/www.biunstohuus.org\/caf%C3%A9\/aktuelles\/queerer-brunch\/\">Queerer Brunch &#8211; Bi uns to Huus Ideen Caf\u00e9 Kultur<\/a><\/p>\n\n\n\n<p><strong>Queer Bar in Hohenlockstedt<\/strong><br><a href=\"https:\/\/m1-hohenlockstedt.de\/lokal\/queer-bar-2\/\">QUEER BAR M.1 Hohenlockstedt \/ Arthur Boskamp-Stiftung (m1-hohenlockstedt.de)<\/a><\/p>\n\n\n\n<p><strong>Queerer Stammtisch Itzehoe<\/strong><br><a href=\"https:\/\/freiraum-itzehoe.de\/\">Freiraum Itzehoe e.V. (freiraum-itzehoe.de)<\/a><\/p>\n\n\n\n<figure class=\"wp-block-image size-large is-resized\"><img loading=\"lazy\" decoding=\"async\" width=\"726\" height=\"1024\" src=\"https:\/\/autismusinitiative-steinburg.de\/wp\/wp-content\/uploads\/2024\/06\/Queerbar24-726x1024.jpg\" alt=\"Flyer der Queer Bar der Arthur Boskamp -Stiftung. Gelber Hintergrund mit schwarzem Text zu den genauen Terminen 15. Juni, 13. Juli, 7. September und 28. September 2024\" class=\"wp-image-282\" style=\"width:292px;height:auto\" srcset=\"https:\/\/autismusinitiative-steinburg.de\/wp\/wp-content\/uploads\/2024\/06\/Queerbar24-726x1024.jpg 726w, https:\/\/autismusinitiative-steinburg.de\/wp\/wp-content\/uploads\/2024\/06\/Queerbar24-213x300.jpg 213w, https:\/\/autismusinitiative-steinburg.de\/wp\/wp-content\/uploads\/2024\/06\/Queerbar24-768x1083.jpg 768w, https:\/\/autismusinitiative-steinburg.de\/wp\/wp-content\/uploads\/2024\/06\/Queerbar24-1090x1536.jpg 1090w, https:\/\/autismusinitiative-steinburg.de\/wp\/wp-content\/uploads\/2024\/06\/Queerbar24.jpg 1135w\" sizes=\"auto, (max-width: 726px) 100vw, 726px\" \/><figcaption class=\"wp-element-caption\"><em>QUEER BAR 2024, Flyer. Gestaltung: Paul Niedermayer<\/em><\/figcaption><\/figure>\n\n\n\n<p>Vielleicht sind f\u00fcr dich noch weitere Artikel interessant?<\/p>\n\n\n\n<div class=\"wp-block-buttons is-layout-flex wp-block-buttons-is-layout-flex\">\n<div class=\"wp-block-button\"><a class=\"wp-block-button__link wp-element-button\" href=\"https:\/\/autismusinitiative-steinburg.de\/wp\/erwachsene-autismus\/\">Erwachsene mit Autismus<\/a><\/div>\n\n\n\n<div class=\"wp-block-button\"><a class=\"wp-block-button__link wp-element-button\" href=\"https:\/\/autismusinitiative-steinburg.de\/wp\/autismus-beruf\/\">Autismus im Beruf<\/a><\/div>\n\n\n\n<div class=\"wp-block-button\"><a class=\"wp-block-button__link wp-element-button\" href=\"https:\/\/autismusinitiative-steinburg.de\/wp\/schwerbehindertenausweis-bei-autismus\/\">Schwerbehindertenausweis bei Autismus<\/a><\/div>\n<\/div>\n\n\n\n<p>Quellen:<\/p>\n\n\n\n<p>1 https:\/\/onlinelibrary.wiley.com\/doi\/10.1002\/aur.2604<\/p>\n\n\n\n<p><\/p>\n","protected":false},"excerpt":{"rendered":"<p>Wusstest du, dass relativ viele Menschen sowohl autistisch als auch queer sind? Was bedeutet queer?&hellip;<\/p>\n","protected":false},"author":3,"featured_media":0,"parent":0,"menu_order":0,"comment_status":"closed","ping_status":"closed","template":"","meta":{"footnotes":""},"class_list":["post-260","page","type-page","status-publish","hentry"],"yoast_head":"<!-- This site is optimized with the Yoast SEO plugin v27.4 - https:\/\/yoast.com\/product\/yoast-seo-wordpress\/ -->\n<title>Autistisch und queer - Autismus Initiative Steinburg<\/title>\n<meta name=\"description\" content=\"Autistisch und queer? Das ist gar nicht selten, viele Autist*innen sind nicht hetero oder cis. Mehr zu LGBTQIA+ und Autismus hier lesen.\" \/>\n<meta name=\"robots\" content=\"index, follow, max-snippet:-1, max-image-preview:large, max-video-preview:-1\" \/>\n<link rel=\"canonical\" href=\"https:\/\/autismusinitiative-steinburg.de\/wp\/autistisch-und-queer\/\" \/>\n<meta property=\"og:locale\" content=\"de_DE\" \/>\n<meta property=\"og:type\" content=\"article\" \/>\n<meta property=\"og:title\" content=\"Autistisch und queer - Autismus Initiative Steinburg\" \/>\n<meta property=\"og:description\" content=\"Autistisch und queer? Das ist gar nicht selten, viele Autist*innen sind nicht hetero oder cis. Mehr zu LGBTQIA+ und Autismus hier lesen.\" \/>\n<meta property=\"og:url\" content=\"https:\/\/autismusinitiative-steinburg.de\/wp\/autistisch-und-queer\/\" \/>\n<meta property=\"og:site_name\" content=\"Autismus Initiative Steinburg\" \/>\n<meta property=\"article:modified_time\" content=\"2026-02-04T21:01:42+00:00\" \/>\n<meta property=\"og:image\" content=\"https:\/\/autismusinitiative-steinburg.de\/wp\/wp-content\/uploads\/2024\/06\/QueeresPaar.webp\" \/>\n\t<meta property=\"og:image:width\" content=\"1024\" \/>\n\t<meta property=\"og:image:height\" content=\"1024\" \/>\n\t<meta property=\"og:image:type\" content=\"image\/webp\" \/>\n<meta name=\"twitter:card\" content=\"summary_large_image\" \/>\n<meta name=\"twitter:label1\" content=\"Gesch\u00e4tzte Lesezeit\" \/>\n\t<meta name=\"twitter:data1\" content=\"5\u00a0Minuten\" \/>\n<script type=\"application\/ld+json\" class=\"yoast-schema-graph\">{\"@context\":\"https:\\\/\\\/schema.org\",\"@graph\":[{\"@type\":\"WebPage\",\"@id\":\"https:\\\/\\\/autismusinitiative-steinburg.de\\\/wp\\\/autistisch-und-queer\\\/\",\"url\":\"https:\\\/\\\/autismusinitiative-steinburg.de\\\/wp\\\/autistisch-und-queer\\\/\",\"name\":\"Autistisch und queer - Autismus Initiative Steinburg\",\"isPartOf\":{\"@id\":\"https:\\\/\\\/autismusinitiative-steinburg.de\\\/wp\\\/#website\"},\"primaryImageOfPage\":{\"@id\":\"https:\\\/\\\/autismusinitiative-steinburg.de\\\/wp\\\/autistisch-und-queer\\\/#primaryimage\"},\"image\":{\"@id\":\"https:\\\/\\\/autismusinitiative-steinburg.de\\\/wp\\\/autistisch-und-queer\\\/#primaryimage\"},\"thumbnailUrl\":\"https:\\\/\\\/autismusinitiative-steinburg.de\\\/wp\\\/wp-content\\\/uploads\\\/2024\\\/06\\\/QueeresPaar.webp\",\"datePublished\":\"2024-06-05T21:00:39+00:00\",\"dateModified\":\"2026-02-04T21:01:42+00:00\",\"description\":\"Autistisch und queer? Das ist gar nicht selten, viele Autist*innen sind nicht hetero oder cis. Mehr zu LGBTQIA+ und Autismus hier lesen.\",\"breadcrumb\":{\"@id\":\"https:\\\/\\\/autismusinitiative-steinburg.de\\\/wp\\\/autistisch-und-queer\\\/#breadcrumb\"},\"inLanguage\":\"de\",\"potentialAction\":[{\"@type\":\"ReadAction\",\"target\":[\"https:\\\/\\\/autismusinitiative-steinburg.de\\\/wp\\\/autistisch-und-queer\\\/\"]}]},{\"@type\":\"ImageObject\",\"inLanguage\":\"de\",\"@id\":\"https:\\\/\\\/autismusinitiative-steinburg.de\\\/wp\\\/autistisch-und-queer\\\/#primaryimage\",\"url\":\"https:\\\/\\\/autismusinitiative-steinburg.de\\\/wp\\\/wp-content\\\/uploads\\\/2024\\\/06\\\/QueeresPaar.webp\",\"contentUrl\":\"https:\\\/\\\/autismusinitiative-steinburg.de\\\/wp\\\/wp-content\\\/uploads\\\/2024\\\/06\\\/QueeresPaar.webp\",\"width\":1024,\"height\":1024},{\"@type\":\"BreadcrumbList\",\"@id\":\"https:\\\/\\\/autismusinitiative-steinburg.de\\\/wp\\\/autistisch-und-queer\\\/#breadcrumb\",\"itemListElement\":[{\"@type\":\"ListItem\",\"position\":1,\"name\":\"Startseite\",\"item\":\"https:\\\/\\\/autismusinitiative-steinburg.de\\\/wp\\\/\"},{\"@type\":\"ListItem\",\"position\":2,\"name\":\"Autistisch und queer\"}]},{\"@type\":\"WebSite\",\"@id\":\"https:\\\/\\\/autismusinitiative-steinburg.de\\\/wp\\\/#website\",\"url\":\"https:\\\/\\\/autismusinitiative-steinburg.de\\\/wp\\\/\",\"name\":\"Autismus Initiative Steinburg\",\"description\":\"\",\"publisher\":{\"@id\":\"https:\\\/\\\/autismusinitiative-steinburg.de\\\/wp\\\/#organization\"},\"potentialAction\":[{\"@type\":\"SearchAction\",\"target\":{\"@type\":\"EntryPoint\",\"urlTemplate\":\"https:\\\/\\\/autismusinitiative-steinburg.de\\\/wp\\\/?s={search_term_string}\"},\"query-input\":{\"@type\":\"PropertyValueSpecification\",\"valueRequired\":true,\"valueName\":\"search_term_string\"}}],\"inLanguage\":\"de\"},{\"@type\":\"Organization\",\"@id\":\"https:\\\/\\\/autismusinitiative-steinburg.de\\\/wp\\\/#organization\",\"name\":\"Autismus Initiative Steinburg\",\"url\":\"https:\\\/\\\/autismusinitiative-steinburg.de\\\/wp\\\/\",\"logo\":{\"@type\":\"ImageObject\",\"inLanguage\":\"de\",\"@id\":\"https:\\\/\\\/autismusinitiative-steinburg.de\\\/wp\\\/#\\\/schema\\\/logo\\\/image\\\/\",\"url\":\"https:\\\/\\\/autismusinitiative-steinburg.de\\\/wp\\\/wp-content\\\/uploads\\\/2023\\\/10\\\/cropped-cropped-65EB03BF-5FD4-4465-9AAE-42E23911E334.jpeg\",\"contentUrl\":\"https:\\\/\\\/autismusinitiative-steinburg.de\\\/wp\\\/wp-content\\\/uploads\\\/2023\\\/10\\\/cropped-cropped-65EB03BF-5FD4-4465-9AAE-42E23911E334.jpeg\",\"width\":930,\"height\":863,\"caption\":\"Autismus Initiative Steinburg\"},\"image\":{\"@id\":\"https:\\\/\\\/autismusinitiative-steinburg.de\\\/wp\\\/#\\\/schema\\\/logo\\\/image\\\/\"}}]}<\/script>\n<!-- \/ Yoast SEO plugin. -->","yoast_head_json":{"title":"Autistisch und queer - Autismus Initiative Steinburg","description":"Autistisch und queer? Das ist gar nicht selten, viele Autist*innen sind nicht hetero oder cis. Mehr zu LGBTQIA+ und Autismus hier lesen.","robots":{"index":"index","follow":"follow","max-snippet":"max-snippet:-1","max-image-preview":"max-image-preview:large","max-video-preview":"max-video-preview:-1"},"canonical":"https:\/\/autismusinitiative-steinburg.de\/wp\/autistisch-und-queer\/","og_locale":"de_DE","og_type":"article","og_title":"Autistisch und queer - Autismus Initiative Steinburg","og_description":"Autistisch und queer? Das ist gar nicht selten, viele Autist*innen sind nicht hetero oder cis. Mehr zu LGBTQIA+ und Autismus hier lesen.","og_url":"https:\/\/autismusinitiative-steinburg.de\/wp\/autistisch-und-queer\/","og_site_name":"Autismus Initiative Steinburg","article_modified_time":"2026-02-04T21:01:42+00:00","og_image":[{"width":1024,"height":1024,"url":"https:\/\/autismusinitiative-steinburg.de\/wp\/wp-content\/uploads\/2024\/06\/QueeresPaar.webp","type":"image\/webp"}],"twitter_card":"summary_large_image","twitter_misc":{"Gesch\u00e4tzte Lesezeit":"5\u00a0Minuten"},"schema":{"@context":"https:\/\/schema.org","@graph":[{"@type":"WebPage","@id":"https:\/\/autismusinitiative-steinburg.de\/wp\/autistisch-und-queer\/","url":"https:\/\/autismusinitiative-steinburg.de\/wp\/autistisch-und-queer\/","name":"Autistisch und queer - Autismus Initiative Steinburg","isPartOf":{"@id":"https:\/\/autismusinitiative-steinburg.de\/wp\/#website"},"primaryImageOfPage":{"@id":"https:\/\/autismusinitiative-steinburg.de\/wp\/autistisch-und-queer\/#primaryimage"},"image":{"@id":"https:\/\/autismusinitiative-steinburg.de\/wp\/autistisch-und-queer\/#primaryimage"},"thumbnailUrl":"https:\/\/autismusinitiative-steinburg.de\/wp\/wp-content\/uploads\/2024\/06\/QueeresPaar.webp","datePublished":"2024-06-05T21:00:39+00:00","dateModified":"2026-02-04T21:01:42+00:00","description":"Autistisch und queer? Das ist gar nicht selten, viele Autist*innen sind nicht hetero oder cis. Mehr zu LGBTQIA+ und Autismus hier lesen.","breadcrumb":{"@id":"https:\/\/autismusinitiative-steinburg.de\/wp\/autistisch-und-queer\/#breadcrumb"},"inLanguage":"de","potentialAction":[{"@type":"ReadAction","target":["https:\/\/autismusinitiative-steinburg.de\/wp\/autistisch-und-queer\/"]}]},{"@type":"ImageObject","inLanguage":"de","@id":"https:\/\/autismusinitiative-steinburg.de\/wp\/autistisch-und-queer\/#primaryimage","url":"https:\/\/autismusinitiative-steinburg.de\/wp\/wp-content\/uploads\/2024\/06\/QueeresPaar.webp","contentUrl":"https:\/\/autismusinitiative-steinburg.de\/wp\/wp-content\/uploads\/2024\/06\/QueeresPaar.webp","width":1024,"height":1024},{"@type":"BreadcrumbList","@id":"https:\/\/autismusinitiative-steinburg.de\/wp\/autistisch-und-queer\/#breadcrumb","itemListElement":[{"@type":"ListItem","position":1,"name":"Startseite","item":"https:\/\/autismusinitiative-steinburg.de\/wp\/"},{"@type":"ListItem","position":2,"name":"Autistisch und queer"}]},{"@type":"WebSite","@id":"https:\/\/autismusinitiative-steinburg.de\/wp\/#website","url":"https:\/\/autismusinitiative-steinburg.de\/wp\/","name":"Autismus Initiative Steinburg","description":"","publisher":{"@id":"https:\/\/autismusinitiative-steinburg.de\/wp\/#organization"},"potentialAction":[{"@type":"SearchAction","target":{"@type":"EntryPoint","urlTemplate":"https:\/\/autismusinitiative-steinburg.de\/wp\/?s={search_term_string}"},"query-input":{"@type":"PropertyValueSpecification","valueRequired":true,"valueName":"search_term_string"}}],"inLanguage":"de"},{"@type":"Organization","@id":"https:\/\/autismusinitiative-steinburg.de\/wp\/#organization","name":"Autismus Initiative Steinburg","url":"https:\/\/autismusinitiative-steinburg.de\/wp\/","logo":{"@type":"ImageObject","inLanguage":"de","@id":"https:\/\/autismusinitiative-steinburg.de\/wp\/#\/schema\/logo\/image\/","url":"https:\/\/autismusinitiative-steinburg.de\/wp\/wp-content\/uploads\/2023\/10\/cropped-cropped-65EB03BF-5FD4-4465-9AAE-42E23911E334.jpeg","contentUrl":"https:\/\/autismusinitiative-steinburg.de\/wp\/wp-content\/uploads\/2023\/10\/cropped-cropped-65EB03BF-5FD4-4465-9AAE-42E23911E334.jpeg","width":930,"height":863,"caption":"Autismus Initiative Steinburg"},"image":{"@id":"https:\/\/autismusinitiative-steinburg.de\/wp\/#\/schema\/logo\/image\/"}}]}},"jetpack_sharing_enabled":true,"_links":{"self":[{"href":"https:\/\/autismusinitiative-steinburg.de\/wp\/wp-json\/wp\/v2\/pages\/260","targetHints":{"allow":["GET"]}}],"collection":[{"href":"https:\/\/autismusinitiative-steinburg.de\/wp\/wp-json\/wp\/v2\/pages"}],"about":[{"href":"https:\/\/autismusinitiative-steinburg.de\/wp\/wp-json\/wp\/v2\/types\/page"}],"author":[{"embeddable":true,"href":"https:\/\/autismusinitiative-steinburg.de\/wp\/wp-json\/wp\/v2\/users\/3"}],"replies":[{"embeddable":true,"href":"https:\/\/autismusinitiative-steinburg.de\/wp\/wp-json\/wp\/v2\/comments?post=260"}],"version-history":[{"count":14,"href":"https:\/\/autismusinitiative-steinburg.de\/wp\/wp-json\/wp\/v2\/pages\/260\/revisions"}],"predecessor-version":[{"id":649,"href":"https:\/\/autismusinitiative-steinburg.de\/wp\/wp-json\/wp\/v2\/pages\/260\/revisions\/649"}],"wp:attachment":[{"href":"https:\/\/autismusinitiative-steinburg.de\/wp\/wp-json\/wp\/v2\/media?parent=260"}],"curies":[{"name":"wp","href":"https:\/\/api.w.org\/{rel}","templated":true}]}}