{"id":336,"date":"2024-06-15T20:31:34","date_gmt":"2024-06-15T20:31:34","guid":{"rendered":"https:\/\/autismusinitiative-steinburg.de\/wp\/?page_id=336"},"modified":"2024-07-14T06:47:53","modified_gmt":"2024-07-14T06:47:53","slug":"schwerbehindertenausweis-bei-autismus","status":"publish","type":"page","link":"https:\/\/autismusinitiative-steinburg.de\/wp\/schwerbehindertenausweis-bei-autismus\/","title":{"rendered":"Schwerbehindertenausweis bei Autismus"},"content":{"rendered":"\n<p>Autismus ist keine Krankheit sondern eine nat\u00fcrliche Variation des Neurotyps (so wie auch ADHS). Autismus hat viele St\u00e4rken, aber oft auch Schwierigkeiten. Daher kann ein Schwerbehindertenausweis auch bei Autismus sinnvoll sein. Was das genau ist und wie du ihn beantragst, liest du hier.<\/p>\n\n\n\n<h2 class=\"wp-block-heading\">Ist Autismus eine Behinderung?<\/h2>\n\n\n\n<p>Unsere Gesellschaft ist f\u00fcr neuro<strong>typische<\/strong> Menschen gebaut (also f\u00fcr die Mehrheit &#8211; ohne Autismus, ADHS, Legasthenie, Tourette oder andere Neurodivergenzen). F\u00fcr autistische Menschen ist die Welt voller Barrieren: zu laut, zu schnell, zu chaotisch, nicht erf\u00fcllbare soziale Erwartungen&#8230;<\/p>\n\n\n\n<p>Autistische Menschen sind dadurch in der &#8222;Teilhabe an der Gesellschaft&#8220; eingeschr\u00e4nkt. Sie k\u00f6nnen ihr Leben also nicht genauso einfach leben wie andere. Daher gilt Autismus als Behinderung. Der <strong>Grad der Behinderung<\/strong> wird danach bemessen, wie stark die Einschr\u00e4nkungen sind.<\/p>\n\n\n\n<h2 class=\"wp-block-heading\">Was ist ein Schwerbehindertenausweis?<\/h2>\n\n\n\n<p>Bei einem Grad der Behinderung von 50 oder mehr spricht man offiziell von &#8222;Schwerbehinderung&#8220;. Damit hat man Anspruch auf einen Schwerbehindertenausweis. Ein Schwerbehindertenausweis ist eine Karte \u00e4hnlich wie der Personalausweis. Ab dem elften Geburtstag ist er in der Regel mit Passfoto. Auf dem Ausweis steht der Name, der Geburtstag und vor allem der Grad der Behinderung und die sogenannten Merkzeichen. Mehr zu den Merkzeichen bei liest du unten im Abschnitt \u00fcber Merkzeichen bei Autismus.<\/p>\n\n\n\n<h2 class=\"wp-block-heading\">Welche Vorteile bringt ein Schwerbehindertenausweis bei Autismus?<\/h2>\n\n\n\n<p>Ein Schwerbehindertenausweis bei Autismus bringt zahlreiche &#8222;Vorteile&#8220;. Eigentlich sollte man jedoch nicht von &#8222;Vorteil&#8220; sprechen, sondern besser von &#8222;Nachteilsausgleich&#8220;. Dieser Ausgleich soll erm\u00f6glichen, dass man auch mit einer Behinderung m\u00f6glichst die gleichen Chancen hat wie Menschen ohne Behinderung.<\/p>\n\n\n\n<p>Das bringt der Schwerbehindertenausweis unter anderem:<\/p>\n\n\n\n<ul class=\"wp-block-list\">\n<li>Steuerverg\u00fcnstigungen<\/li>\n\n\n\n<li>besondere Rechte im Arbeitsleben, z.B. mehr Urlaubstage und besserer K\u00fcndigungsschutz (siehe dazu den Artikel \u00fcber <a href=\"https:\/\/autismusinitiative-steinburg.de\/wp\/autismus-beruf\/\">Autismus im Beruf<\/a>)<\/li>\n\n\n\n<li>kostenlose oder verg\u00fcnstigte Fahrten mit \u00f6ffentlichen Verkehrsmitteln wie Bus und Bahn (bei dem Merkzeichen B zus\u00e4tzlich f\u00fcr eine Begleitperson) &#8211; muss zus\u00e4tzlich beantragt werden.<\/li>\n\n\n\n<li>zum Teil verg\u00fcnstigter Eintritt in Museen, Tierparks, Schwimmb\u00e4der usw.<\/li>\n<\/ul>\n\n\n\n<p>Zus\u00e4tzlich kann je nach Merkzeichen und Art der Behinderung auch ein Parkausweis f\u00fcr Behindertenparkpl\u00e4tze beantragt werden.<\/p>\n\n\n\n<h2 class=\"wp-block-heading\"><strong>Schwerbehindertenausweis bei Autismus beantragen<\/strong><\/h2>\n\n\n\n<p>Im Grunde wird kein Schwerbehindertenausweis beantragt, sondern zun\u00e4chst die <strong>Feststellung des Grades der Behinderung<\/strong>. Liegt der Grad der Behinderung (GdB) \u00fcber 50, gilt dies als Schwerbehinderung und die Person mit Autismus erh\u00e4lt einen Schwerbehindertenausweis.<\/p>\n\n\n\n<p>Den Antrag erh\u00e4ltst du beim zust\u00e4ndigen Versorgungsamt. Im Kreis Steinburg, also f\u00fcr Itzehoe und Umgebung, ist das zust\u00e4ndige Versorgungsamt das <a href=\"https:\/\/www.schleswig-holstein.de\/DE\/landesregierung\/ministerien-behoerden\/LASD\/Service\/SoErreichenSieUns\/SoErreichensieUns.html\">Landesamt f\u00fcr soziale Dienste Heide<\/a>. Hier kannst du den Antrag anfordern und dann ausf\u00fcllen und zur\u00fcckschicken. Du kannst den <a href=\"https:\/\/www.schleswig-holstein.de\/DE\/landesregierung\/ministerien-behoerden\/LASD\/Aufgaben\/MenschenMitBehinderung\/Download\/0100_AntragNachDemSchwerbehindertenrecht.pdf?__blob=publicationFile&amp;v=14\">Antrag auch online herunterladen<\/a>, ausf\u00fcllen, ausdrucken und an das Versorgungsamt schicken.<br>F\u00fcr eine realistische Beurteilung sollten neben der Diagnose auch alle Dokumente mitgeschickt werden, die deutlich machen, wie sich die Einschr\u00e4nkungen auswirken. Das k\u00f6nnen sein:<\/p>\n\n\n\n<ul class=\"wp-block-list\">\n<li> <strong>medizinische Dokumente<\/strong> (Arztberichte, Stellungnahmen und Attests von \u00c4rtz*innen)<\/li>\n\n\n\n<li><strong>Therapieberichte <\/strong>(z.B. von der Ergotherapie, Logop\u00e4die, Physiotherapie, Autismus-Therapie)<\/li>\n\n\n\n<li><strong>Bericht vom Medizinischen Dienst<\/strong> f\u00fcr die Begutachtung zum Pflegegrad<strong> <\/strong>(falls vorhanden) <\/li>\n\n\n\n<li><strong>Stellungnahmen von Lehrkr\u00e4ften oder der Schulbegleitung<\/strong><\/li>\n\n\n\n<li><strong>Schulzeugnisse<\/strong><\/li>\n<\/ul>\n\n\n\n<p>Sehr hilfreich ist au\u00dferdem eine pers\u00f6nliche Stellungnahme dazu, wo die Person an der Teilhabe eingeschr\u00e4nkt ist. Dazu geh\u00f6rt z.B.:<\/p>\n\n\n\n<ul class=\"wp-block-list\">\n<li><strong>Bildung und Beruf<\/strong> (braucht die Person in der Schule bzw. im Beruf oder Ausbildung\/Studium Unterst\u00fctzung?)<\/li>\n\n\n\n<li><strong>Mobilit\u00e4t <\/strong>(kann die Person ohne Unterst\u00fctzung Auto fahren, \u00f6ffentliche Verkehrsmittel nutzen, Flugreisen antreten, zu Fu\u00df gehen, Fahrrad fahren usw.)<\/li>\n\n\n\n<li><strong>Partnerschaft und Familie<\/strong> (kann die Person ohne Unterst\u00fctzung eine Beziehung f\u00fchren und sich um Kinder k\u00fcmmern?)<\/li>\n\n\n\n<li><strong>Freundschaft und Sozialleben<\/strong> (kann die Person ohne Unterst\u00fctzung Freundschaften pflegen, an sozialen Treffen teilnehmen usw.)<\/li>\n\n\n\n<li><strong>Sport, Kultur, Freizeit<\/strong> (kann die Person an Vereinssport teilnehmen, Urlaube unternehmen, ins Schwimmbad gehen, kulturelle Einrichtungen, Konzerte usw. ohne Unterst\u00fctzung besuchen)<\/li>\n\n\n\n<li><strong>Haushalt <\/strong>(kann die Person ohne Unterst\u00fctzung den Haushalt f\u00fchren, Einkaufen gehen, Kochen usw.)<\/li>\n<\/ul>\n\n\n\n<p>Auch wenn wir ansonsten immer versuchen sollten uns nicht mit neurotypischen Menschen zu vergleichen &#8211; an dieser Stelle ist es richtig. Man sollte nicht denken &#8222;Ach, so schlimm ist es ja nicht, dass ich nicht einkaufen gehe, sondern meine Lebensmittel online bestelle.&#8220; oder &#8222;Naja, macht ja nichts, dass ich nicht Auto fahre. Bus und Bahn sind ohnehin besser f\u00fcrs Klima.&#8220; &#8211; oder andersherum &#8222;Ich kann zwar nicht Bus und Bahn fahren, aber das ist ja nicht schlimm, weil ich ein Auto habe.&#8220; Das ist zwar genau die richtige Einstellung f\u00fcrs Leben. Aber f\u00fcr diesen Antrag sollten genau diese Punkte benannt werden. <\/p>\n\n\n\n<p>Schwierig kann es auch sein zu benennen, was man nicht &#8222;kann&#8220;. Denn viele autistische Menschen k\u00f6nnen ihre Bed\u00fcrfnisse f\u00fcr eine Zeit unterdr\u00fccken und maskieren &#8211; aber bezahlen dann einen hohen Preis. Nach einer Geburtstagsfeier zwei Tage im Bett bleiben? Nach dem Einkauf nicht mehr die Kraft zum Kochen haben? Das sind Dinge, die h\u00e4ufig nicht gesehen werden &#8211; auch von einem selbst h\u00e4ufig nicht. <\/p>\n\n\n\n<p>Diese Bewertung \u00fcber sich selbst (oder das Kind) zu schreiben, kann auch sehr schmerzhaft sein. Man f\u00fchrt sich ganz direkt vor Augen, was nicht geht. Wie das Leben vielleicht ohne Autismus aussehen w\u00fcrde. Das kann weh tun und vielleicht sch\u00e4mt man sich sogar daf\u00fcr, dass man dar\u00fcber traurig ist. Es ist ok, diese Gef\u00fchle zu haben. Damit bist du nicht alleine. <\/p>\n\n\n\n<h2 class=\"wp-block-heading\">Welcher Grad der Behinderung bei Autismus?<\/h2>\n\n\n\n<p>Die <a href=\"https:\/\/www.gesetze-im-internet.de\/versmedv\/BJNR241200008.html\">Versorgungsmedizinverordnung <\/a>regelt, welchen Grad der Behinderung (GdB) f\u00fcr welche Krankheiten und Einschr\u00e4nkungen m\u00f6glich ist. Autismus ist bei jeder Person anders. Daher ist es wichtig, m\u00f6glichst genau zu beschreiben, wo man konkret eingeschr\u00e4nkt ist. <\/p>\n\n\n\n<p>Die Verordnung unterscheidet grob drei Abstufungen, wie stark die <strong>sozialen Anpassungs-Schwierigkeiten<\/strong> sind:<\/p>\n\n\n\n<ul class=\"wp-block-list\">\n<li>ohne (GdB 10\u201320)<\/li>\n\n\n\n<li>leicht (GdB 30\u201340)<\/li>\n\n\n\n<li>mittel (GdB 50\u201370)<\/li>\n\n\n\n<li>schwer (GdB 80\u2013100)<\/li>\n<\/ul>\n\n\n\n<p>In der Erkl\u00e4rung der Verordnung wird folgendes beschrieben:<\/p>\n\n\n\n<p><em>&#8222;<strong>Soziale Anpassungsschwierigkeiten liegen insbesondere vor<\/strong>, wenn die Integrationsf\u00e4higkeit in Lebensbereiche (wie zum Beispiel Regel-Kindergarten, Regel-Schule, allgemeiner Arbeitsmarkt, \u00f6ffentliches Leben, h\u00e4usliches Leben) <strong>nicht ohne besondere F\u00f6rderung oder Unterst\u00fctzung<\/strong> (zum Beispiel durch Eingliederungshilfe) gegeben ist oder wenn die Betroffenen einer \u00fcber das dem jeweiligen Alter entsprechende Ma\u00df hinausgehenden <strong>Beaufsichtigung <\/strong>bed\u00fcrfen. <\/em><br><em><strong>Mittlere <\/strong>soziale Anpassungsschwierigkeiten liegen insbesondere vor, wenn die Integration in Lebensbereiche nicht ohne umfassende Unterst\u00fctzung (zum Beispiel einen Integrationshelfer als Eingliederungshilfe) m\u00f6glich ist. <\/em><br><em><strong>Schwere <\/strong>soziale Anpassungsschwierigkeiten liegen insbesondere vor, wenn die Integration in Lebensbereiche <strong>auch mit umfassender Unterst\u00fctzung nicht m\u00f6glich ist<\/strong>.&#8220;<\/em><\/p>\n\n\n\n<h2 class=\"wp-block-heading\">Schwerbehinderung bei Autismus welche Merkzeichen?<\/h2>\n\n\n\n<p>Auf dem Formular f\u00fcr die Feststellung des Grades der Behinderung kann man bereits ankreuzen, welche Merkzeichen man beantragen will. <\/p>\n\n\n\n<p>Es gibt folgende Merkzeichen im Schwerbehindertenausweis:<\/p>\n\n\n\n<ul class=\"wp-block-list\">\n<li><strong>H &#8211; Hilflosigkeit<\/strong><\/li>\n\n\n\n<li><strong>B &#8211; Begleitperson<\/strong><\/li>\n\n\n\n<li>G &#8211; erhebliche Gehbehinderung<\/li>\n\n\n\n<li>aG &#8211; au\u00dfergew\u00f6hnliche Gehbehinderung<\/li>\n\n\n\n<li>RF &#8211; Erm\u00e4\u00dfigung des Rundfunkbeitrags<\/li>\n\n\n\n<li>TBl &#8211; Taubblindheit<\/li>\n<\/ul>\n\n\n\n<p>Bei Autismus wird f\u00fcr den Schwerbehindertenausweis h\u00e4ufig das Merkzeichen H (Hilflosigkeit) oder B (Begleitperson) vergeben. <\/p>\n\n\n\n<h2 class=\"wp-block-heading\">Widerspruch gegen Grad der Behinderung bei Autismus<\/h2>\n\n\n\n<p>Der Bescheid vom Versorgungsamt ist da und der Grad der Behinderung erscheint dir zu niedrig? Dann solltest du schnell innerhalb der Frist von vier Wochen Widerspruch einlegen.<\/p>\n\n\n\n<p>Wichtig: Der Widerspruch <strong>muss innerhalb dieser 4-Wochen-Frist<\/strong> erfolgen. Ein Brief per Einschreiben kann hier sinnvoll sein. So kann man nachweisen, dass der Brief rechtzeitig zugestellt wurde.<br>F\u00fcr den Widerspruch reicht es, einen &#8222;formlosen&#8220; Brief zu schreiben &#8211; das bedeutet, du brauchst kein spezielles Formular. Es reicht, wenn du schreibst:<br><em>&#8222;Hiermit lege ich Widerspruch ein gegen den Bescheid zur Feststellung des Grades der Behinderung bei<\/em> *Name* <em>vom <\/em>*Datum*. <em>Eine ausf\u00fchrliche Begr\u00fcndung folgt.&#8220;<\/em><\/p>\n\n\n\n<p>Du kannst zus\u00e4tzlich Akteneinsicht einfordern, um genauer zu sehen, wie die Beurteilung zustande kommt.<\/p>\n\n\n\n<p>In den n\u00e4chsten Tagen solltest du alles zusammensuchen und anfordern, was beim Widerspruch hilfreich ist.<\/p>\n\n\n\n<ul class=\"wp-block-list\">\n<li>Sind seit dem ersten Antrag neue medizinische Berichte hinzugekommen?<\/li>\n\n\n\n<li>Wenn nicht: Kann die zust\u00e4ndige \u00c4rztin vielleicht eine zus\u00e4tzliche Stellungnahme schreiben (z.B. dass die Person h\u00e4ufig krank gemeldet werden muss, auf bestimmte Medikamente angewiesen ist oder \u00e4hnliches)<\/li>\n\n\n\n<li>Gibt es neue Therapieberichte? <\/li>\n\n\n\n<li>Wenn nicht, kann die Autismus-Therapeutin eine zus\u00e4tzliche Stellungnahme schreiben?<\/li>\n\n\n\n<li>Kann die Schule eine Stellungnahme schreiben oder die Schulbegleitung (falls das nicht schon im ersten Antrag dabei war)<\/li>\n\n\n\n<li>Ist seit dem ersten Antrag eine Klassenwiederholung oder \u00e4hnliches passiert?<\/li>\n\n\n\n<li>Hattest du ein Beiblatt mit einer pers\u00f6nlichen Stellungnahme dabei? Wenn nicht, kannst du das jetzt nachholen (siehe oben).<\/li>\n<\/ul>\n\n\n\n<h2 class=\"wp-block-heading\">Was mache ich, wenn ich den Schwerbehindertenausweis habe?<\/h2>\n\n\n\n<p>Du bist nicht verpflichtet, deinen Schwerbehindertenausweis vorzuzeigen. Auch bei der Arbeit musst du nicht offen legen, dass du schwerbehindert bist oder was genau deine Behinderung ist &#8211; solange es keinen Einfluss auf deine Arbeitsf\u00e4higkeit hat. Insbesondere wenn Menschen gef\u00e4hrdet werden k\u00f6nnen, muss unbedingt mit dem Arbeitgebenden gesprochen werden. Zum Beispiel wenn mit Epilepsie gro\u00dfe Maschinen oder Fahrzeuge bedient werden. Mit dem Schwerbehindertenausweis hast du bei der Arbeit das Recht, dass der Arbeitsplatz und die Arbeitsbedingungen so angepasst werden, dass du gut und gesund arbeiten kannst.<\/p>\n\n\n\n<p>Mehr zum Thema <a href=\"https:\/\/autismusinitiative-steinburg.de\/wp\/autismus-beruf\/\">Autismus und Beruf findest du in diesem Artikel.<\/a><\/p>\n\n\n\n<p><\/p>\n\n\n\n<p>Diese Artikel k\u00f6nnten ebenfalls interessant f\u00fcr dich sein:<\/p>\n\n\n\n<div class=\"wp-block-buttons is-layout-flex wp-block-buttons-is-layout-flex\">\n<div class=\"wp-block-button\"><a class=\"wp-block-button__link wp-element-button\" href=\"https:\/\/autismusinitiative-steinburg.de\/wp\/autismus-schule\/\">Autismus und Schule<\/a><\/div>\n\n\n\n<div class=\"wp-block-button\"><a class=\"wp-block-button__link wp-element-button\" href=\"https:\/\/autismusinitiative-steinburg.de\/wp\/nachteilsausgleich-bei-autismus-in-der-schule\/\">Nachteilsausgleich bei Autismus<\/a><\/div>\n\n\n\n<div class=\"wp-block-button\"><a class=\"wp-block-button__link wp-element-button\" href=\"https:\/\/autismusinitiative-steinburg.de\/wp\/erwachsene-autismus\/\">Autismus bei Erwachsenen<\/a><\/div>\n<\/div>\n","protected":false},"excerpt":{"rendered":"<p>Autismus ist keine Krankheit sondern eine nat\u00fcrliche Variation des Neurotyps (so wie auch ADHS). Autismus&hellip;<\/p>\n","protected":false},"author":3,"featured_media":0,"parent":0,"menu_order":0,"comment_status":"closed","ping_status":"closed","template":"","meta":{"footnotes":""},"class_list":["post-336","page","type-page","status-publish","hentry"],"yoast_head":"<!-- This site is optimized with the Yoast SEO plugin v27.6 - https:\/\/yoast.com\/product\/yoast-seo-wordpress\/ -->\n<title>Schwerbehindertenausweis bei Autismus - Autismus Initiative Steinburg<\/title>\n<meta name=\"description\" content=\"Ein Schwerbehindertenausweis bei Autismus? Das sind die Vorteile und so beantragst du den Schwerbehindertenausweis beim Amt.\" \/>\n<meta name=\"robots\" content=\"index, follow, max-snippet:-1, max-image-preview:large, max-video-preview:-1\" \/>\n<link rel=\"canonical\" href=\"https:\/\/autismusinitiative-steinburg.de\/wp\/schwerbehindertenausweis-bei-autismus\/\" \/>\n<meta property=\"og:locale\" content=\"de_DE\" \/>\n<meta property=\"og:type\" content=\"article\" \/>\n<meta property=\"og:title\" content=\"Schwerbehindertenausweis bei Autismus - Autismus Initiative Steinburg\" \/>\n<meta property=\"og:description\" content=\"Ein Schwerbehindertenausweis bei Autismus? Das sind die Vorteile und so beantragst du den Schwerbehindertenausweis beim Amt.\" \/>\n<meta property=\"og:url\" content=\"https:\/\/autismusinitiative-steinburg.de\/wp\/schwerbehindertenausweis-bei-autismus\/\" \/>\n<meta property=\"og:site_name\" content=\"Autismus Initiative Steinburg\" \/>\n<meta property=\"article:modified_time\" content=\"2024-07-14T06:47:53+00:00\" \/>\n<meta name=\"twitter:card\" content=\"summary_large_image\" \/>\n<meta name=\"twitter:label1\" content=\"Gesch\u00e4tzte Lesezeit\" \/>\n\t<meta name=\"twitter:data1\" content=\"8\u00a0Minuten\" \/>\n<script type=\"application\/ld+json\" class=\"yoast-schema-graph\">{\"@context\":\"https:\\\/\\\/schema.org\",\"@graph\":[{\"@type\":\"WebPage\",\"@id\":\"https:\\\/\\\/autismusinitiative-steinburg.de\\\/wp\\\/schwerbehindertenausweis-bei-autismus\\\/\",\"url\":\"https:\\\/\\\/autismusinitiative-steinburg.de\\\/wp\\\/schwerbehindertenausweis-bei-autismus\\\/\",\"name\":\"Schwerbehindertenausweis bei Autismus - Autismus Initiative Steinburg\",\"isPartOf\":{\"@id\":\"https:\\\/\\\/autismusinitiative-steinburg.de\\\/wp\\\/#website\"},\"datePublished\":\"2024-06-15T20:31:34+00:00\",\"dateModified\":\"2024-07-14T06:47:53+00:00\",\"description\":\"Ein Schwerbehindertenausweis bei Autismus? Das sind die Vorteile und so beantragst du den Schwerbehindertenausweis beim Amt.\",\"breadcrumb\":{\"@id\":\"https:\\\/\\\/autismusinitiative-steinburg.de\\\/wp\\\/schwerbehindertenausweis-bei-autismus\\\/#breadcrumb\"},\"inLanguage\":\"de\",\"potentialAction\":[{\"@type\":\"ReadAction\",\"target\":[\"https:\\\/\\\/autismusinitiative-steinburg.de\\\/wp\\\/schwerbehindertenausweis-bei-autismus\\\/\"]}]},{\"@type\":\"BreadcrumbList\",\"@id\":\"https:\\\/\\\/autismusinitiative-steinburg.de\\\/wp\\\/schwerbehindertenausweis-bei-autismus\\\/#breadcrumb\",\"itemListElement\":[{\"@type\":\"ListItem\",\"position\":1,\"name\":\"Startseite\",\"item\":\"https:\\\/\\\/autismusinitiative-steinburg.de\\\/wp\\\/\"},{\"@type\":\"ListItem\",\"position\":2,\"name\":\"Schwerbehindertenausweis bei Autismus\"}]},{\"@type\":\"WebSite\",\"@id\":\"https:\\\/\\\/autismusinitiative-steinburg.de\\\/wp\\\/#website\",\"url\":\"https:\\\/\\\/autismusinitiative-steinburg.de\\\/wp\\\/\",\"name\":\"Autismus Initiative Steinburg\",\"description\":\"\",\"publisher\":{\"@id\":\"https:\\\/\\\/autismusinitiative-steinburg.de\\\/wp\\\/#organization\"},\"potentialAction\":[{\"@type\":\"SearchAction\",\"target\":{\"@type\":\"EntryPoint\",\"urlTemplate\":\"https:\\\/\\\/autismusinitiative-steinburg.de\\\/wp\\\/?s={search_term_string}\"},\"query-input\":{\"@type\":\"PropertyValueSpecification\",\"valueRequired\":true,\"valueName\":\"search_term_string\"}}],\"inLanguage\":\"de\"},{\"@type\":\"Organization\",\"@id\":\"https:\\\/\\\/autismusinitiative-steinburg.de\\\/wp\\\/#organization\",\"name\":\"Autismus Initiative Steinburg\",\"url\":\"https:\\\/\\\/autismusinitiative-steinburg.de\\\/wp\\\/\",\"logo\":{\"@type\":\"ImageObject\",\"inLanguage\":\"de\",\"@id\":\"https:\\\/\\\/autismusinitiative-steinburg.de\\\/wp\\\/#\\\/schema\\\/logo\\\/image\\\/\",\"url\":\"https:\\\/\\\/autismusinitiative-steinburg.de\\\/wp\\\/wp-content\\\/uploads\\\/2023\\\/10\\\/cropped-cropped-65EB03BF-5FD4-4465-9AAE-42E23911E334.jpeg\",\"contentUrl\":\"https:\\\/\\\/autismusinitiative-steinburg.de\\\/wp\\\/wp-content\\\/uploads\\\/2023\\\/10\\\/cropped-cropped-65EB03BF-5FD4-4465-9AAE-42E23911E334.jpeg\",\"width\":930,\"height\":863,\"caption\":\"Autismus Initiative Steinburg\"},\"image\":{\"@id\":\"https:\\\/\\\/autismusinitiative-steinburg.de\\\/wp\\\/#\\\/schema\\\/logo\\\/image\\\/\"}}]}<\/script>\n<!-- \/ Yoast SEO plugin. -->","yoast_head_json":{"title":"Schwerbehindertenausweis bei Autismus - Autismus Initiative Steinburg","description":"Ein Schwerbehindertenausweis bei Autismus? Das sind die Vorteile und so beantragst du den Schwerbehindertenausweis beim Amt.","robots":{"index":"index","follow":"follow","max-snippet":"max-snippet:-1","max-image-preview":"max-image-preview:large","max-video-preview":"max-video-preview:-1"},"canonical":"https:\/\/autismusinitiative-steinburg.de\/wp\/schwerbehindertenausweis-bei-autismus\/","og_locale":"de_DE","og_type":"article","og_title":"Schwerbehindertenausweis bei Autismus - Autismus Initiative Steinburg","og_description":"Ein Schwerbehindertenausweis bei Autismus? Das sind die Vorteile und so beantragst du den Schwerbehindertenausweis beim Amt.","og_url":"https:\/\/autismusinitiative-steinburg.de\/wp\/schwerbehindertenausweis-bei-autismus\/","og_site_name":"Autismus Initiative Steinburg","article_modified_time":"2024-07-14T06:47:53+00:00","twitter_card":"summary_large_image","twitter_misc":{"Gesch\u00e4tzte Lesezeit":"8\u00a0Minuten"},"schema":{"@context":"https:\/\/schema.org","@graph":[{"@type":"WebPage","@id":"https:\/\/autismusinitiative-steinburg.de\/wp\/schwerbehindertenausweis-bei-autismus\/","url":"https:\/\/autismusinitiative-steinburg.de\/wp\/schwerbehindertenausweis-bei-autismus\/","name":"Schwerbehindertenausweis bei Autismus - Autismus Initiative Steinburg","isPartOf":{"@id":"https:\/\/autismusinitiative-steinburg.de\/wp\/#website"},"datePublished":"2024-06-15T20:31:34+00:00","dateModified":"2024-07-14T06:47:53+00:00","description":"Ein Schwerbehindertenausweis bei Autismus? Das sind die Vorteile und so beantragst du den Schwerbehindertenausweis beim Amt.","breadcrumb":{"@id":"https:\/\/autismusinitiative-steinburg.de\/wp\/schwerbehindertenausweis-bei-autismus\/#breadcrumb"},"inLanguage":"de","potentialAction":[{"@type":"ReadAction","target":["https:\/\/autismusinitiative-steinburg.de\/wp\/schwerbehindertenausweis-bei-autismus\/"]}]},{"@type":"BreadcrumbList","@id":"https:\/\/autismusinitiative-steinburg.de\/wp\/schwerbehindertenausweis-bei-autismus\/#breadcrumb","itemListElement":[{"@type":"ListItem","position":1,"name":"Startseite","item":"https:\/\/autismusinitiative-steinburg.de\/wp\/"},{"@type":"ListItem","position":2,"name":"Schwerbehindertenausweis bei Autismus"}]},{"@type":"WebSite","@id":"https:\/\/autismusinitiative-steinburg.de\/wp\/#website","url":"https:\/\/autismusinitiative-steinburg.de\/wp\/","name":"Autismus Initiative Steinburg","description":"","publisher":{"@id":"https:\/\/autismusinitiative-steinburg.de\/wp\/#organization"},"potentialAction":[{"@type":"SearchAction","target":{"@type":"EntryPoint","urlTemplate":"https:\/\/autismusinitiative-steinburg.de\/wp\/?s={search_term_string}"},"query-input":{"@type":"PropertyValueSpecification","valueRequired":true,"valueName":"search_term_string"}}],"inLanguage":"de"},{"@type":"Organization","@id":"https:\/\/autismusinitiative-steinburg.de\/wp\/#organization","name":"Autismus Initiative Steinburg","url":"https:\/\/autismusinitiative-steinburg.de\/wp\/","logo":{"@type":"ImageObject","inLanguage":"de","@id":"https:\/\/autismusinitiative-steinburg.de\/wp\/#\/schema\/logo\/image\/","url":"https:\/\/autismusinitiative-steinburg.de\/wp\/wp-content\/uploads\/2023\/10\/cropped-cropped-65EB03BF-5FD4-4465-9AAE-42E23911E334.jpeg","contentUrl":"https:\/\/autismusinitiative-steinburg.de\/wp\/wp-content\/uploads\/2023\/10\/cropped-cropped-65EB03BF-5FD4-4465-9AAE-42E23911E334.jpeg","width":930,"height":863,"caption":"Autismus Initiative Steinburg"},"image":{"@id":"https:\/\/autismusinitiative-steinburg.de\/wp\/#\/schema\/logo\/image\/"}}]}},"jetpack_sharing_enabled":true,"_links":{"self":[{"href":"https:\/\/autismusinitiative-steinburg.de\/wp\/wp-json\/wp\/v2\/pages\/336","targetHints":{"allow":["GET"]}}],"collection":[{"href":"https:\/\/autismusinitiative-steinburg.de\/wp\/wp-json\/wp\/v2\/pages"}],"about":[{"href":"https:\/\/autismusinitiative-steinburg.de\/wp\/wp-json\/wp\/v2\/types\/page"}],"author":[{"embeddable":true,"href":"https:\/\/autismusinitiative-steinburg.de\/wp\/wp-json\/wp\/v2\/users\/3"}],"replies":[{"embeddable":true,"href":"https:\/\/autismusinitiative-steinburg.de\/wp\/wp-json\/wp\/v2\/comments?post=336"}],"version-history":[{"count":10,"href":"https:\/\/autismusinitiative-steinburg.de\/wp\/wp-json\/wp\/v2\/pages\/336\/revisions"}],"predecessor-version":[{"id":465,"href":"https:\/\/autismusinitiative-steinburg.de\/wp\/wp-json\/wp\/v2\/pages\/336\/revisions\/465"}],"wp:attachment":[{"href":"https:\/\/autismusinitiative-steinburg.de\/wp\/wp-json\/wp\/v2\/media?parent=336"}],"curies":[{"name":"wp","href":"https:\/\/api.w.org\/{rel}","templated":true}]}}