{"id":357,"date":"2024-07-13T07:44:17","date_gmt":"2024-07-13T07:44:17","guid":{"rendered":"https:\/\/autismusinitiative-steinburg.de\/wp\/?page_id=357"},"modified":"2025-10-12T20:30:11","modified_gmt":"2025-10-12T20:30:11","slug":"nachteilsausgleich-bei-autismus-in-der-schule","status":"publish","type":"page","link":"https:\/\/autismusinitiative-steinburg.de\/wp\/nachteilsausgleich-bei-autismus-in-der-schule\/","title":{"rendered":"Nachteilsausgleich bei Autismus in der Schule"},"content":{"rendered":"\n<p>Kinder haben in der Schule das <a href=\"https:\/\/www.gesetze-rechtsprechung.sh.juris.de\/bssh\/document\/jlr-NachtAusglVSHV1P2\">Recht <\/a>auf einen Nachteilsausgleich bei Autismus, da niemand aufgrund seiner Behinderung benachteiligt werden darf.<\/p>\n\n\n\n<h2 class=\"wp-block-heading\">Was ist ein Nachteilsausgleich f\u00fcr autistische Sch\u00fcler*innen?<\/h2>\n\n\n\n<p>Ein Nachteilsausgleich ist ein schriftliches Dokument, in dem Anpassungen f\u00fcr ein bestimmtes Kind individuell bestimmt werden. In der Regel treffen sich Lehrkr\u00e4fte und Eltern zusammen mit einer Person vom Landesf\u00f6rderzentrum Autistisches Verhalten. Wenn es eine Schulbegleitung gibt, ist es sinnvoll, dass auch die Schulbegleitung und\/oder jemand vom Tr\u00e4ger der Schulbegleitung mit Autismus-Erfahrung anwesend ist.<\/p>\n\n\n\n<p>Wichtig ist sich klar zu machen: Es geht hier nicht um Vorteile oder eine Extrawurst. Wie der Name &#8222;Nachteilsausgleich&#8220; sagt, sollen Nachteile ausgeglichen werden, damit das Kind m\u00f6glichst gleichwertige Chancen hat. Rechtlich ist genau gekl\u00e4rt, wann man <a href=\"https:\/\/www.gesetze-rechtsprechung.sh.juris.de\/bssh\/document\/jlr-NachtAusglVSHV1P2\">Anspruch auf einen Nachteilsausgleich<\/a> hat.<\/p>\n\n\n\n<h2 class=\"wp-block-heading\">Warum ist ein Nachteilsausgleich bei Autismus wichtig?<\/h2>\n\n\n\n<p><a href=\"https:\/\/autismusinitiative-steinburg.de\/wp\/autismus-schule\/\">Vielen autistischen Kindern f\u00e4llt der Schulbesuch schwer<\/a>. Das aktuelle Schulsystem mit gro\u00dfen, oft lauten Klassen ist nicht f\u00fcr autistische Menschen gemacht. Darum ist ein Nachteilsausgleich bei Autismus sehr wichtig, um gesund durch die Schulzeit zu kommen und die eigenen St\u00e4rken nutzen zu k\u00f6nnen. Ein Kind, das reiz\u00fcberflutet aus der Pause kommt und eine 4 in der Klassenarbeit schreibt, h\u00e4tte vielleicht eine bessere Note geschafft, wenn es die Pause im Ruheraum h\u00e4tte verbringen d\u00fcrfen. Zensuren oder Verhalten spiegeln manchmal nicht das eigentliche Wissen, sondern mehr die \u00dcberlastung, indem sich das Kind befindet.<\/p>\n\n\n\n<p>Wichtiger als gute Noten sollte aber vor allem die Gesundheit der Kinder sein. Burnout, \u00c4ngste und Depressionen k\u00f6nnen gerade bei Autismus bereits im Kindesalter auftreten, wenn die Bed\u00fcrfnisse immer wieder ignoriert werden und die Kinder immer wieder &#8222;die Z\u00e4hne zusammenbei\u00dfen m\u00fcssen&#8220; (Redewendung).<\/p>\n\n\n\n<h2 class=\"wp-block-heading\">Was sind Beispiele f\u00fcr den Nachteilsausgleich bei Autismus?<\/h2>\n\n\n\n<p>Da jedes autistische Kind anders ist, ist auch jeder Nachteilsausgleich unterschiedlich. Es ist wichtig individuell zu gucken, was dein Kind braucht. Manchmal gibt es kreative L\u00f6sungen, die es bisher noch nicht an der Schule gab. Es gibt auch gro\u00dfe Unterschiede zwischen Schule: Was in der einen Klasse bereits Standard f\u00fcr alle Kinder ist (und daher nicht extra in den Nachteilsausgleich muss), muss in einer anderen Schule hart erk\u00e4mpft werden. In vielen Schulen ist es beispielsweise schon \u00fcblich, dass Kindern Kopfh\u00f6rer (&#8222;Mickeym\u00e4use&#8220;) zur Verf\u00fcgung stehen, um sich bei Stillarbeit besser konzentrieren zu k\u00f6nnen. Auch Fidget-Toys, Wackelkissen und M\u00fctzen sind f\u00fcr manche Alltag, f\u00fcr andere Lehrkr\u00e4fte ein No-Go.<\/p>\n\n\n\n<p>Die Liste ist nahezu unendlich, ein paar h\u00e4ufige Beispiele f\u00fcr den Nachteilsausgleich bei Autismus sind folgende:<\/p>\n\n\n\n<ul class=\"wp-block-list\">\n<li>Reize reduzieren (zum Beispiel durch Sonnenbrille, Schirmm\u00fctze, Sichtschutz, Kopfh\u00f6rer)<\/li>\n\n\n\n<li>Bewegung unterst\u00fctzen (zum Beispiel durch Wackelkissen, Sitzball, Stehpult, Bewegungspausen)<\/li>\n\n\n\n<li>Sitzplatz anpassen (vorne oder hinten, am Fenster oder eher in einer Nische &#8211; je nach eigenem Bed\u00fcrfnis)<\/li>\n\n\n\n<li>zus\u00e4tzliche Pausen schaffen (Ruhe-Ecke im Raum, oder in einem Nebenraum oder Pausenhof)<\/li>\n\n\n\n<li>Pausen im Klassenraum oder anderem ruhigen Raum statt auf dem Pausenhof und\/oder 2 Minuten vor dem Klingeln reingehen, um das Gedr\u00e4ngel auf den G\u00e4ngen zu vermeiden<\/li>\n\n\n\n<li>Zeiten reduzieren (z.B. weniger Stunden pro Tag oder 1 Tag pro Woche frei)<\/li>\n\n\n\n<li>keine oder reduzierte Hausaufgaben, weniger Wiederholungen<\/li>\n\n\n\n<li>streichen bestimmter F\u00e4cher, die besonders belasten (h\u00e4ufig Sport, Kunst oder Musik)<\/li>\n\n\n\n<li>Alternativen f\u00fcr Gruppenarbeiten oder Referate<\/li>\n\n\n\n<li>Klassenarbeiten in einem eigenen Raum oder auch l\u00e4ngere Bearbeitungszeit<\/li>\n\n\n\n<li>Schreibassistenz (Schulbegleitung schreibt f\u00fcr das Kind) oder Nutzung von Laptop\/Tablet zum Schreiben<\/li>\n\n\n\n<li>Arbeitsbl\u00e4tter in gr\u00f6\u00dferer Schrift, nur einseitig bedruckt<\/li>\n<\/ul>\n\n\n\n<h2 class=\"wp-block-heading\">Wer entscheidet \u00fcber den Nachteilsausgleich?<\/h2>\n\n\n\n<p>Im Idealfall wird gemeinsam mit allen beteiligten Personen beraten und \u00fcber den Nachteilsausgleich entschieden:  Lehrkr\u00e4fte (entweder nur die Klassenlehrkraft oder gegebenenfalls auch weitere), Eltern, einer Person vom <a href=\"https:\/\/www.schleswig-holstein.de\/DE\/landesregierung\/ministerien-behoerden\/LFZAV\/lfzav_node.html\">Landesf\u00f6rderzentrum Autistisches Verhalten<\/a> und Schulbegleitung (oder eine Person vom Tr\u00e4ger der Schulbegleitung). In seltenen F\u00e4llen ist auch die Schulleitung anwesend. <\/p>\n\n\n\n<h2 class=\"wp-block-heading\">Praxistipps f\u00fcr den Nachteilsausgleich<\/h2>\n\n\n\n<p>Es ist sinnvoll, sich gut auf den Termin f\u00fcr den Nachteilsausgleich vorzubereiten. Ein paar Tipps f\u00fcr den Nachteilsausgleich bei Autismus:<\/p>\n\n\n\n<ul class=\"wp-block-list\">\n<li>Schreibe dir Zuhause bereits eine Liste f\u00fcr den Termin. Welche Punkte sind aus deiner Sicht &#8222;Must-Haves&#8220; (also m\u00fcssen auf jeden Fall in den Nachteilsausgleich) &#8211; wo k\u00f6nnte \u00fcber Alternativen oder Kompromisse diskutiert werden?<\/li>\n\n\n\n<li>Unterhalte dich mit deinem Kind, wenn es m\u00f6glichst ist. Welche Dinge berichtet es selbst, die st\u00f6ren oder viel Energie kosten? Was beobachtest du zu Hause? Was hilft dort besonders gut?<\/li>\n\n\n\n<li>Sprich mit anderen Eltern &#8211; welche Anpassungen haben dort die Kinder? Vielleicht gibt es Punkte, an die man selbst noch gar nicht gedacht hat. Au\u00dferdem kann es in der Argumentation helfen zu wissen, was bereits in anderen Klassen umgesetzt wird.<\/li>\n\n\n\n<li>Informiere dich bei Fachpersonen, zum Beispiel der Autismusf\u00f6rderung (wenn dein Kind eine bekommt) oder dem Tr\u00e4ger der Schulbegleitung, sie haben h\u00e4ufig schon viel Erfahrung, was alles m\u00f6glich ist.<\/li>\n\n\n\n<li>Rede mit der Schulbegleitung: Wo sieht sie die gr\u00f6\u00dften Probleme? Was k\u00f6nnte aus ihrer Sicht helfen?<\/li>\n\n\n\n<li>Hab keine Angst vor Anpassungen, die f\u00fcr andere komisch klingen. Dein Kind sich am besten konzentireren, wenn es auf der Erde liegt? Vielleicht darf es die Arbeitsbl\u00e4tter auf der Erde bearbeiten statt am Tisch. <\/li>\n<\/ul>\n\n\n\n<h2 class=\"wp-block-heading\">Wie geht es mit dem Nachteilsausgleich weiter?<\/h2>\n\n\n\n<p>Der Nachteilsausgleich ist erstellt, jetzt wird alles gut. Oder doch nicht? Das h\u00e4ngt sehr davon ab, ob alle daf\u00fcr sorgen, dass der Nachteilsausgleich nicht nur ein St\u00fcck Papier in einer Akte ist, sondern auch tats\u00e4chlich im Schul-Alltag gelebt wird. Frag nach, ob alle (!) Lehrkr\u00e4fte den Nachteilsausgleich erhalten haben. Wenn du merkst, dass etwas nicht umgesetzt wird, kann es helfen, noch mal eine Kopie des Nachteilsausgleichs an die Lehrkraft zu geben und die entsprechende Stelle zu markieren. Im stressigen Schulablauf kann auch die beste Lehrkraft vergessen, was im Ausgleich steht. Wenn sich Vorf\u00e4lle h\u00e4ufen, ist es sinnvoll, ein gemeinsames Gespr\u00e4ch zu f\u00fchren. So k\u00f6nnt ihr kl\u00e4ren, was die Gr\u00fcnde sind.<\/p>\n\n\n\n<p><\/p>\n\n\n\n<p>Zum Weiterlesen:<\/p>\n\n\n\n<div class=\"wp-block-buttons is-layout-flex wp-block-buttons-is-layout-flex\">\n<div class=\"wp-block-button\"><a class=\"wp-block-button__link wp-element-button\" href=\"https:\/\/autismusinitiative-steinburg.de\/wp\/autismus-schule\/\">Autismus in der Schule<\/a><\/div>\n\n\n\n<div class=\"wp-block-button\"><a class=\"wp-block-button__link wp-element-button\" href=\"https:\/\/autismusinitiative-steinburg.de\/wp\/schwerbehindertenausweis-bei-autismus\/\">Schwerbehindertenausweis<\/a><\/div>\n\n\n\n<div class=\"wp-block-button\"><a class=\"wp-block-button__link wp-element-button\" href=\"https:\/\/autismusinitiative-steinburg.de\/wp\/erwachsene-autismus\/\">Erwachsene mit Autismus<\/a><\/div>\n<\/div>\n","protected":false},"excerpt":{"rendered":"<p>Kinder haben in der Schule das Recht auf einen Nachteilsausgleich bei Autismus, da niemand aufgrund&hellip;<\/p>\n","protected":false},"author":3,"featured_media":0,"parent":0,"menu_order":0,"comment_status":"closed","ping_status":"closed","template":"","meta":{"footnotes":""},"class_list":["post-357","page","type-page","status-publish","hentry"],"yoast_head":"<!-- This site is optimized with the Yoast SEO plugin v27.4 - https:\/\/yoast.com\/product\/yoast-seo-wordpress\/ -->\n<title>Nachteilsausgleich bei Autismus in der Schule - Autismus Initiative Steinburg<\/title>\n<meta name=\"description\" content=\"Autistische Kinder haben einen Anspruch auf einen Nachteilsausgleich in der Schule. Alles zum Nachteilsausgleich bei Autismus liest du hier.\" \/>\n<meta name=\"robots\" content=\"index, follow, max-snippet:-1, max-image-preview:large, max-video-preview:-1\" \/>\n<link rel=\"canonical\" href=\"https:\/\/autismusinitiative-steinburg.de\/wp\/nachteilsausgleich-bei-autismus-in-der-schule\/\" \/>\n<meta property=\"og:locale\" content=\"de_DE\" \/>\n<meta property=\"og:type\" content=\"article\" \/>\n<meta property=\"og:title\" content=\"Nachteilsausgleich bei Autismus in der Schule - Autismus Initiative Steinburg\" \/>\n<meta property=\"og:description\" content=\"Autistische Kinder haben einen Anspruch auf einen Nachteilsausgleich in der Schule. Alles zum Nachteilsausgleich bei Autismus liest du hier.\" \/>\n<meta property=\"og:url\" content=\"https:\/\/autismusinitiative-steinburg.de\/wp\/nachteilsausgleich-bei-autismus-in-der-schule\/\" \/>\n<meta property=\"og:site_name\" content=\"Autismus Initiative Steinburg\" \/>\n<meta property=\"article:modified_time\" content=\"2025-10-12T20:30:11+00:00\" \/>\n<meta name=\"twitter:card\" content=\"summary_large_image\" \/>\n<meta name=\"twitter:label1\" content=\"Gesch\u00e4tzte Lesezeit\" \/>\n\t<meta name=\"twitter:data1\" content=\"6\u00a0Minuten\" \/>\n<script type=\"application\/ld+json\" class=\"yoast-schema-graph\">{\"@context\":\"https:\\\/\\\/schema.org\",\"@graph\":[{\"@type\":\"WebPage\",\"@id\":\"https:\\\/\\\/autismusinitiative-steinburg.de\\\/wp\\\/nachteilsausgleich-bei-autismus-in-der-schule\\\/\",\"url\":\"https:\\\/\\\/autismusinitiative-steinburg.de\\\/wp\\\/nachteilsausgleich-bei-autismus-in-der-schule\\\/\",\"name\":\"Nachteilsausgleich bei Autismus in der Schule - Autismus Initiative Steinburg\",\"isPartOf\":{\"@id\":\"https:\\\/\\\/autismusinitiative-steinburg.de\\\/wp\\\/#website\"},\"datePublished\":\"2024-07-13T07:44:17+00:00\",\"dateModified\":\"2025-10-12T20:30:11+00:00\",\"description\":\"Autistische Kinder haben einen Anspruch auf einen Nachteilsausgleich in der Schule. Alles zum Nachteilsausgleich bei Autismus liest du hier.\",\"breadcrumb\":{\"@id\":\"https:\\\/\\\/autismusinitiative-steinburg.de\\\/wp\\\/nachteilsausgleich-bei-autismus-in-der-schule\\\/#breadcrumb\"},\"inLanguage\":\"de\",\"potentialAction\":[{\"@type\":\"ReadAction\",\"target\":[\"https:\\\/\\\/autismusinitiative-steinburg.de\\\/wp\\\/nachteilsausgleich-bei-autismus-in-der-schule\\\/\"]}]},{\"@type\":\"BreadcrumbList\",\"@id\":\"https:\\\/\\\/autismusinitiative-steinburg.de\\\/wp\\\/nachteilsausgleich-bei-autismus-in-der-schule\\\/#breadcrumb\",\"itemListElement\":[{\"@type\":\"ListItem\",\"position\":1,\"name\":\"Startseite\",\"item\":\"https:\\\/\\\/autismusinitiative-steinburg.de\\\/wp\\\/\"},{\"@type\":\"ListItem\",\"position\":2,\"name\":\"Nachteilsausgleich bei Autismus in der Schule\"}]},{\"@type\":\"WebSite\",\"@id\":\"https:\\\/\\\/autismusinitiative-steinburg.de\\\/wp\\\/#website\",\"url\":\"https:\\\/\\\/autismusinitiative-steinburg.de\\\/wp\\\/\",\"name\":\"Autismus Initiative Steinburg\",\"description\":\"\",\"publisher\":{\"@id\":\"https:\\\/\\\/autismusinitiative-steinburg.de\\\/wp\\\/#organization\"},\"potentialAction\":[{\"@type\":\"SearchAction\",\"target\":{\"@type\":\"EntryPoint\",\"urlTemplate\":\"https:\\\/\\\/autismusinitiative-steinburg.de\\\/wp\\\/?s={search_term_string}\"},\"query-input\":{\"@type\":\"PropertyValueSpecification\",\"valueRequired\":true,\"valueName\":\"search_term_string\"}}],\"inLanguage\":\"de\"},{\"@type\":\"Organization\",\"@id\":\"https:\\\/\\\/autismusinitiative-steinburg.de\\\/wp\\\/#organization\",\"name\":\"Autismus Initiative Steinburg\",\"url\":\"https:\\\/\\\/autismusinitiative-steinburg.de\\\/wp\\\/\",\"logo\":{\"@type\":\"ImageObject\",\"inLanguage\":\"de\",\"@id\":\"https:\\\/\\\/autismusinitiative-steinburg.de\\\/wp\\\/#\\\/schema\\\/logo\\\/image\\\/\",\"url\":\"https:\\\/\\\/autismusinitiative-steinburg.de\\\/wp\\\/wp-content\\\/uploads\\\/2023\\\/10\\\/cropped-cropped-65EB03BF-5FD4-4465-9AAE-42E23911E334.jpeg\",\"contentUrl\":\"https:\\\/\\\/autismusinitiative-steinburg.de\\\/wp\\\/wp-content\\\/uploads\\\/2023\\\/10\\\/cropped-cropped-65EB03BF-5FD4-4465-9AAE-42E23911E334.jpeg\",\"width\":930,\"height\":863,\"caption\":\"Autismus Initiative Steinburg\"},\"image\":{\"@id\":\"https:\\\/\\\/autismusinitiative-steinburg.de\\\/wp\\\/#\\\/schema\\\/logo\\\/image\\\/\"}}]}<\/script>\n<!-- \/ Yoast SEO plugin. -->","yoast_head_json":{"title":"Nachteilsausgleich bei Autismus in der Schule - Autismus Initiative Steinburg","description":"Autistische Kinder haben einen Anspruch auf einen Nachteilsausgleich in der Schule. Alles zum Nachteilsausgleich bei Autismus liest du hier.","robots":{"index":"index","follow":"follow","max-snippet":"max-snippet:-1","max-image-preview":"max-image-preview:large","max-video-preview":"max-video-preview:-1"},"canonical":"https:\/\/autismusinitiative-steinburg.de\/wp\/nachteilsausgleich-bei-autismus-in-der-schule\/","og_locale":"de_DE","og_type":"article","og_title":"Nachteilsausgleich bei Autismus in der Schule - Autismus Initiative Steinburg","og_description":"Autistische Kinder haben einen Anspruch auf einen Nachteilsausgleich in der Schule. Alles zum Nachteilsausgleich bei Autismus liest du hier.","og_url":"https:\/\/autismusinitiative-steinburg.de\/wp\/nachteilsausgleich-bei-autismus-in-der-schule\/","og_site_name":"Autismus Initiative Steinburg","article_modified_time":"2025-10-12T20:30:11+00:00","twitter_card":"summary_large_image","twitter_misc":{"Gesch\u00e4tzte Lesezeit":"6\u00a0Minuten"},"schema":{"@context":"https:\/\/schema.org","@graph":[{"@type":"WebPage","@id":"https:\/\/autismusinitiative-steinburg.de\/wp\/nachteilsausgleich-bei-autismus-in-der-schule\/","url":"https:\/\/autismusinitiative-steinburg.de\/wp\/nachteilsausgleich-bei-autismus-in-der-schule\/","name":"Nachteilsausgleich bei Autismus in der Schule - Autismus Initiative Steinburg","isPartOf":{"@id":"https:\/\/autismusinitiative-steinburg.de\/wp\/#website"},"datePublished":"2024-07-13T07:44:17+00:00","dateModified":"2025-10-12T20:30:11+00:00","description":"Autistische Kinder haben einen Anspruch auf einen Nachteilsausgleich in der Schule. Alles zum Nachteilsausgleich bei Autismus liest du hier.","breadcrumb":{"@id":"https:\/\/autismusinitiative-steinburg.de\/wp\/nachteilsausgleich-bei-autismus-in-der-schule\/#breadcrumb"},"inLanguage":"de","potentialAction":[{"@type":"ReadAction","target":["https:\/\/autismusinitiative-steinburg.de\/wp\/nachteilsausgleich-bei-autismus-in-der-schule\/"]}]},{"@type":"BreadcrumbList","@id":"https:\/\/autismusinitiative-steinburg.de\/wp\/nachteilsausgleich-bei-autismus-in-der-schule\/#breadcrumb","itemListElement":[{"@type":"ListItem","position":1,"name":"Startseite","item":"https:\/\/autismusinitiative-steinburg.de\/wp\/"},{"@type":"ListItem","position":2,"name":"Nachteilsausgleich bei Autismus in der Schule"}]},{"@type":"WebSite","@id":"https:\/\/autismusinitiative-steinburg.de\/wp\/#website","url":"https:\/\/autismusinitiative-steinburg.de\/wp\/","name":"Autismus Initiative Steinburg","description":"","publisher":{"@id":"https:\/\/autismusinitiative-steinburg.de\/wp\/#organization"},"potentialAction":[{"@type":"SearchAction","target":{"@type":"EntryPoint","urlTemplate":"https:\/\/autismusinitiative-steinburg.de\/wp\/?s={search_term_string}"},"query-input":{"@type":"PropertyValueSpecification","valueRequired":true,"valueName":"search_term_string"}}],"inLanguage":"de"},{"@type":"Organization","@id":"https:\/\/autismusinitiative-steinburg.de\/wp\/#organization","name":"Autismus Initiative Steinburg","url":"https:\/\/autismusinitiative-steinburg.de\/wp\/","logo":{"@type":"ImageObject","inLanguage":"de","@id":"https:\/\/autismusinitiative-steinburg.de\/wp\/#\/schema\/logo\/image\/","url":"https:\/\/autismusinitiative-steinburg.de\/wp\/wp-content\/uploads\/2023\/10\/cropped-cropped-65EB03BF-5FD4-4465-9AAE-42E23911E334.jpeg","contentUrl":"https:\/\/autismusinitiative-steinburg.de\/wp\/wp-content\/uploads\/2023\/10\/cropped-cropped-65EB03BF-5FD4-4465-9AAE-42E23911E334.jpeg","width":930,"height":863,"caption":"Autismus Initiative Steinburg"},"image":{"@id":"https:\/\/autismusinitiative-steinburg.de\/wp\/#\/schema\/logo\/image\/"}}]}},"jetpack_sharing_enabled":true,"_links":{"self":[{"href":"https:\/\/autismusinitiative-steinburg.de\/wp\/wp-json\/wp\/v2\/pages\/357","targetHints":{"allow":["GET"]}}],"collection":[{"href":"https:\/\/autismusinitiative-steinburg.de\/wp\/wp-json\/wp\/v2\/pages"}],"about":[{"href":"https:\/\/autismusinitiative-steinburg.de\/wp\/wp-json\/wp\/v2\/types\/page"}],"author":[{"embeddable":true,"href":"https:\/\/autismusinitiative-steinburg.de\/wp\/wp-json\/wp\/v2\/users\/3"}],"replies":[{"embeddable":true,"href":"https:\/\/autismusinitiative-steinburg.de\/wp\/wp-json\/wp\/v2\/comments?post=357"}],"version-history":[{"count":4,"href":"https:\/\/autismusinitiative-steinburg.de\/wp\/wp-json\/wp\/v2\/pages\/357\/revisions"}],"predecessor-version":[{"id":635,"href":"https:\/\/autismusinitiative-steinburg.de\/wp\/wp-json\/wp\/v2\/pages\/357\/revisions\/635"}],"wp:attachment":[{"href":"https:\/\/autismusinitiative-steinburg.de\/wp\/wp-json\/wp\/v2\/media?parent=357"}],"curies":[{"name":"wp","href":"https:\/\/api.w.org\/{rel}","templated":true}]}}